{"id":15,"date":"2025-12-19T15:45:16","date_gmt":"2025-12-19T15:45:16","guid":{"rendered":"https:\/\/caroledefinance.com\/?page_id=15"},"modified":"2026-01-12T12:06:30","modified_gmt":"2026-01-12T12:06:30","slug":"carole-de-finance-photographe-animalier","status":"publish","type":"page","link":"https:\/\/caroledefinance.com\/index.php\/carole-de-finance-photographe-animalier\/","title":{"rendered":"Carole de Finance -photographe animalier"},"content":{"rendered":"\n<blockquote class=\"wp-block-quote is-layout-flow wp-block-quote-is-layout-flow\">\n<blockquote class=\"wp-block-quote is-layout-flow wp-block-quote-is-layout-flow\">\n<p class=\"has-text-align-center\">&#8220;Le monde ne mourra jamais par manque de merveilles, mais uniquement par manque d&#8217;\u00e9merveillement.&#8221;<\/p>\n<\/blockquote>\n<\/blockquote>\n\n\n\n<div class=\"wp-block-group alignfull has-global-padding is-layout-constrained wp-container-core-group-is-layout-490fa1db wp-block-group-is-layout-constrained\" style=\"padding-top:var(--wp--preset--spacing--50);padding-right:var(--wp--preset--spacing--50);padding-bottom:var(--wp--preset--spacing--50);padding-left:var(--wp--preset--spacing--50)\">\n<div style=\"height:var(--wp--preset--spacing--30)\" aria-hidden=\"true\" class=\"wp-block-spacer\"><\/div>\n\n\n\n<figure class=\"wp-block-image alignwide size-full is-style-rounded is-style-rounded--1\"><img loading=\"lazy\" decoding=\"async\" width=\"1440\" height=\"864\" src=\"https:\/\/caroledefinance.com\/wp-content\/uploads\/2025\/12\/abruzzes.jpg\" alt=\"\" class=\"wp-image-19\" srcset=\"https:\/\/caroledefinance.com\/wp-content\/uploads\/2025\/12\/abruzzes.jpg 1440w, https:\/\/caroledefinance.com\/wp-content\/uploads\/2025\/12\/abruzzes-300x180.jpg 300w, https:\/\/caroledefinance.com\/wp-content\/uploads\/2025\/12\/abruzzes-1024x614.jpg 1024w, https:\/\/caroledefinance.com\/wp-content\/uploads\/2025\/12\/abruzzes-768x461.jpg 768w\" sizes=\"auto, (max-width: 1440px) 100vw, 1440px\" \/><\/figure>\n<\/div>\n\n\n\n<p>La photographie animali\u00e8re est pour moi un outil puissant pour c\u00e9l\u00e9brer la beaut\u00e9 de cette plan\u00e8te qu&#8217;est la Terre et des \u00eatres vivants qui la peuplent.<\/p>\n\n\n\n<p class=\"has-text-align-center\">Bienvenus dans ma vision du monde<\/p>\n\n\n\n<div class=\"wp-block-group alignfull has-global-padding is-layout-constrained wp-container-core-group-is-layout-d89aad35 wp-block-group-is-layout-constrained\" style=\"margin-top:0;margin-bottom:0;padding-top:var(--wp--preset--spacing--50);padding-right:var(--wp--preset--spacing--50);padding-bottom:var(--wp--preset--spacing--50);padding-left:var(--wp--preset--spacing--50)\">\n<div class=\"wp-block-group alignwide has-global-padding is-layout-constrained wp-container-core-group-is-layout-19e250f3 wp-block-group-is-layout-constrained\">\n<div style=\"height:var(--wp--preset--spacing--40)\" aria-hidden=\"true\" class=\"wp-block-spacer\"><\/div>\n\n\n\n<div class=\"wp-block-columns alignwide is-layout-flex wp-container-core-columns-is-layout-d1c656ed wp-block-columns-is-layout-flex\">\n<div class=\"wp-block-column is-vertically-aligned-center is-layout-flow wp-block-column-is-layout-flow\" style=\"flex-basis:40%\">\n<h3 class=\"wp-block-heading is-style-asterisk\">\u00c9tudes Architect App<\/h3>\n\n\n\n<ul style=\"line-height:1.75\" class=\"wp-block-list is-style-checkmark-list\">\n<li>Collaborate with fellow architects.<\/li>\n\n\n\n<li>Showcase your projects.<\/li>\n\n\n\n<li>Experience the world of architecture.<\/li>\n<\/ul>\n<\/div>\n\n\n\n<div class=\"wp-block-column is-layout-flow wp-block-column-is-layout-flow\" style=\"flex-basis:50%\">\n<figure class=\"wp-block-image size-large is-style-rounded is-style-rounded--2\"><img loading=\"lazy\" decoding=\"async\" width=\"1024\" height=\"728\" src=\"https:\/\/caroledefinance.com\/wp-content\/uploads\/2025\/12\/Harfangweb-1024x728.jpg\" alt=\"\" class=\"wp-image-22\" srcset=\"https:\/\/caroledefinance.com\/wp-content\/uploads\/2025\/12\/Harfangweb-1024x728.jpg 1024w, https:\/\/caroledefinance.com\/wp-content\/uploads\/2025\/12\/Harfangweb-300x213.jpg 300w, https:\/\/caroledefinance.com\/wp-content\/uploads\/2025\/12\/Harfangweb-768x546.jpg 768w, https:\/\/caroledefinance.com\/wp-content\/uploads\/2025\/12\/Harfangweb-1536x1092.jpg 1536w, https:\/\/caroledefinance.com\/wp-content\/uploads\/2025\/12\/Harfangweb.jpg 2048w\" sizes=\"auto, (max-width: 1024px) 100vw, 1024px\" \/><\/figure>\n<\/div>\n<\/div>\n\n\n\n<div style=\"height:var(--wp--preset--spacing--40)\" aria-hidden=\"true\" class=\"wp-block-spacer\"><\/div>\n\n\n\n<div class=\"wp-block-columns alignwide is-layout-flex wp-container-core-columns-is-layout-d1c656ed wp-block-columns-is-layout-flex\">\n<div class=\"wp-block-column is-layout-flow wp-block-column-is-layout-flow\" style=\"flex-basis:50%\">\n<figure class=\"wp-block-image size-large is-style-rounded is-style-rounded--3\"><img loading=\"lazy\" decoding=\"async\" width=\"1024\" height=\"683\" src=\"https:\/\/caroledefinance.com\/wp-content\/uploads\/2025\/12\/second-de-Mark2web-1024x683.jpg\" alt=\"\" class=\"wp-image-23\" srcset=\"https:\/\/caroledefinance.com\/wp-content\/uploads\/2025\/12\/second-de-Mark2web-1024x683.jpg 1024w, https:\/\/caroledefinance.com\/wp-content\/uploads\/2025\/12\/second-de-Mark2web-300x200.jpg 300w, https:\/\/caroledefinance.com\/wp-content\/uploads\/2025\/12\/second-de-Mark2web-768x512.jpg 768w, https:\/\/caroledefinance.com\/wp-content\/uploads\/2025\/12\/second-de-Mark2web-1536x1024.jpg 1536w, https:\/\/caroledefinance.com\/wp-content\/uploads\/2025\/12\/second-de-Mark2web.jpg 2048w\" sizes=\"auto, (max-width: 1024px) 100vw, 1024px\" \/><\/figure>\n<\/div>\n\n\n\n<div class=\"wp-block-column is-vertically-aligned-center is-layout-flow wp-block-column-is-layout-flow\" style=\"flex-basis:40%\">\n<h3 class=\"wp-block-heading is-style-asterisk\">\u00c9tudes Newsletter<\/h3>\n\n\n\n<ul style=\"line-height:1.75\" class=\"wp-block-list is-style-checkmark-list\">\n<li>A world of thought-provoking articles.<\/li>\n\n\n\n<li>Case studies that celebrate architecture.<\/li>\n\n\n\n<li>Exclusive access to design insights.<\/li>\n<\/ul>\n<\/div>\n<\/div>\n<\/div>\n<\/div>\n\n\n\n<p><\/p>\n\n\n\n<div class=\"wp-block-group alignfull has-global-padding is-layout-constrained wp-container-core-group-is-layout-d89aad35 wp-block-group-is-layout-constrained\" style=\"margin-top:0;margin-bottom:0;padding-top:var(--wp--preset--spacing--50);padding-right:var(--wp--preset--spacing--50);padding-bottom:var(--wp--preset--spacing--50);padding-left:var(--wp--preset--spacing--50)\">\n<div class=\"wp-block-group alignwide has-base-2-background-color has-background has-global-padding is-layout-constrained wp-container-core-group-is-layout-39412042 wp-block-group-is-layout-constrained\" style=\"border-radius:16px;padding-top:var(--wp--preset--spacing--40);padding-right:var(--wp--preset--spacing--50);padding-bottom:var(--wp--preset--spacing--40);padding-left:var(--wp--preset--spacing--50)\">\n<div style=\"height:var(--wp--preset--spacing--10)\" aria-hidden=\"true\" class=\"wp-block-spacer\"><\/div>\n\n\n\n<h2 class=\"wp-block-heading has-text-align-center has-x-large-font-size\">Join 900+ subscribers<\/h2>\n\n\n\n<p class=\"has-text-align-center\">Stay in the loop with everything you need to know.<\/p>\n\n\n\n<div class=\"wp-block-buttons is-content-justification-center is-layout-flex wp-container-core-buttons-is-layout-a89b3969 wp-block-buttons-is-layout-flex\">\n<div class=\"wp-block-button\"><a class=\"wp-block-button__link wp-element-button\">Sign up<\/a><\/div>\n<\/div>\n\n\n\n<div style=\"height:var(--wp--preset--spacing--10)\" aria-hidden=\"true\" class=\"wp-block-spacer\"><\/div>\n<\/div>\n<\/div>\n\n\n\n<p><\/p>\n\n\n\n<p><\/p>\n","protected":false},"excerpt":{"rendered":"<p>La photographie animali\u00e8re est pour moi un outil puissant pour c\u00e9l\u00e9brer la beaut\u00e9 de cette plan\u00e8te qu&#8217;est la Terre et des \u00eatres vivants qui la peuplent. Bienvenus dans ma vision du monde \u00c9tudes Architect App \u00c9tudes Newsletter Join 900+ subscribers Stay in the loop with everything you need to know.<\/p>\n","protected":false},"author":1,"featured_media":0,"parent":0,"menu_order":0,"comment_status":"closed","ping_status":"closed","template":"","meta":{"footnotes":""},"class_list":["post-15","page","type-page","status-publish","hentry"],"_links":{"self":[{"href":"https:\/\/caroledefinance.com\/index.php\/wp-json\/wp\/v2\/pages\/15","targetHints":{"allow":["GET"]}}],"collection":[{"href":"https:\/\/caroledefinance.com\/index.php\/wp-json\/wp\/v2\/pages"}],"about":[{"href":"https:\/\/caroledefinance.com\/index.php\/wp-json\/wp\/v2\/types\/page"}],"author":[{"embeddable":true,"href":"https:\/\/caroledefinance.com\/index.php\/wp-json\/wp\/v2\/users\/1"}],"replies":[{"embeddable":true,"href":"https:\/\/caroledefinance.com\/index.php\/wp-json\/wp\/v2\/comments?post=15"}],"version-history":[{"count":4,"href":"https:\/\/caroledefinance.com\/index.php\/wp-json\/wp\/v2\/pages\/15\/revisions"}],"predecessor-version":[{"id":24,"href":"https:\/\/caroledefinance.com\/index.php\/wp-json\/wp\/v2\/pages\/15\/revisions\/24"}],"wp:attachment":[{"href":"https:\/\/caroledefinance.com\/index.php\/wp-json\/wp\/v2\/media?parent=15"}],"curies":[{"name":"wp","href":"https:\/\/api.w.org\/{rel}","templated":true}]}}